{"id":8490,"date":"2013-10-23T09:21:43","date_gmt":"2013-10-23T07:21:43","guid":{"rendered":"http:\/\/dark-parts.com.dd33010.kasserver.com\/agb\/"},"modified":"2017-03-17T13:19:04","modified_gmt":"2017-03-17T11:19:04","slug":"agb","status":"publish","type":"page","link":"https:\/\/www.ride-hard-rod.com\/en\/agb\/","title":{"rendered":"Allgemeine Gesch\u00e4ftsbedingungen"},"content":{"rendered":"<p><b>\u00a7 1 Allgemeines<\/b><\/p>\n<p>1.1 Diese Allgemeinen Gesch\u00e4ftsbedingungen werden Bestandteil der Kaufvertr\u00e4ge zwischen Dark Parts und dem Kunden.<\/p>\n<p>1.2 Abweichende, entgegenstehende oder erg\u00e4nzende Allgemeine Gesch\u00e4ftsbedingungen werden, selbst bei Kenntnis, nicht Vertragsbestandteil, es sei denn, ihrer Geltung wird ausdr\u00fccklich schriftlich zugestimmt.<\/p>\n<p><b>\u00a7 2 Preise und Zahlungsbedingungen\u00a0<\/b><\/p>\n<p>2.1 Unsere Preise sind freibleibend. Es gelten die Preise, die zur Zeit der Bestellung auf unseren Internetseiten angegeben sind. Unsere Preise enthalten die gesetzliche Umsatzsteuer und verstehen sich zuz\u00fcglich Versandkosten und ohne gesondertes Zubeh\u00f6r oder Installation.<\/p>\n<p>2.2 Unsere Rechnungen sind sofort f\u00e4llig. Sie haben die M\u00f6glichkeit zwischen den folgenden Zahlungsformen zu w\u00e4hlen:<\/p>\n<p>* Per Vorauskasse Bei Eingang Ihrer Bestellung bei uns erhalten Sie kurz nach der Auftragsbest\u00e4tigung ein eMail mit unseren Bankdaten. Auf diese \u00fcberweisen Sie dann bitte den Bestellwert unter Angabe der Auftragsnummer. Die Ware wird erst versendet, wenn der Betrag bei uns eingegangen ist.<\/p>\n<p>* Per PayPal Kunden unseres Hauses haben ebenfalls die M\u00f6glichkeit, ihre Zahlung per PayPal an uns zu richten.<\/p>\n<p>Mit PayPal bieten wir Ihnen automatisch alle g\u00e4ngigen und von K\u00e4ufern bevorzugten Zahlungsmethoden an: Lastschrift, Kreditkarte (Eurocard \/ Mastercard, VISA, EC), giropay und PayPal-Guthaben.<\/p>\n<p>Die E-Mail-Adresse, an die Sie Ihre Zahlung bei PayPal an uns richten k\u00f6nnen, lautet wie folgt:<\/p>\n<p>kontakt@dark-parts.com<\/p>\n<p>Die Ware wird erst versendet, wenn der Betrag bei uns eingegangen ist.<\/p>\n<p>* Per Barzahlung bei Selbstabholung Das Zahlungsmethode gilt nur f\u00fcr Kunden, die Ihre erworbenen Artikel bei ride-hard-rod.com pers\u00f6nlich abholen.<\/p>\n<p><b>\u00a7 3 Lieferung und Versandkosten<\/b><\/p>\n<p>3.1 Die Lieferung erfolgt zirka in einer Frist von einer bis drei Wochen innerhalb Deutschlands, auf jeden Fall schnellstm\u00f6glich. Nach M\u00f6glichkeit wird alles in einer Sendung geliefert. Sollte ein Artikel Ihrer Bestellung nicht sofort lieferbar sein, kann sich die Lieferung um wenige Tage verz\u00f6gern, damit Ihr Auftrag komplett in einem Paket bei Ihnen eintrifft. Wir liefern, solange der Vorrat reicht.<\/p>\n<p>3.2 Unsere Lieferung erfolgt unter dem Vorbehalt, da\u00df wir selbst rechtzeitig und richtig beliefert werden. Sollte ein Artikel einmal nicht lieferbar sein, informieren wir Sie auf der Rechnung oder Sie erhalten eine schriftliche Benachrichtigung. Unsere Schadenersatzpflicht im Falle versp\u00e4teter Lieferung ist auf Vorsatz oder grobe Fahrl\u00e4ssigkeit beschr\u00e4nkt. Im Falle einer Verz\u00f6gerung aufgrund von h\u00f6herer Gewalt oder \u00e4hnlicher von uns nicht zu vertretender Ereignisse, wie z. B. Streik, verl\u00e4ngern sich die Lieferfristen angemessen.<\/p>\n<p>3.3 Die Lieferung erfolgt weltweit.<\/p>\n<p>* Versandkosten innerhalb Deutschland. Die Versandkosten innerhalb der Bundesrepublik Deutschlands betragen 6,90 EUR (inklusive 19% Mehrwertsteuer).<\/p>\n<p>+ Bei Selbstabholung entfallen selbstverst\u00e4ndlich s\u00e4mtliche Versandkosten.<\/p>\n<p><b>\u00a7 4 Widerrufsrecht\u00a0<\/b><\/p>\n<p><b>Widerrufsbelehrung *************************************************************************************<\/b><\/p>\n<p>Widerrufsrecht Sie k\u00f6nnen Ihre Vertragserkl\u00e4rung innerhalb von einem Monat ohne Angabe von Gr\u00fcnden in Textform (z. B. Brief, Fax, E-Mail) oder &#8211; wenn Ihnen die Sache vor Fristablauf \u00fcberlassen wird &#8211; durch R\u00fccksendung der Sache widerrufen. Die Frist beginnt nach Erhalt dieser Belehrung in Textform, jedoch nicht vor Eingang der Ware beim Empf\u00e4nger (bei der wiederkehrenden Lieferung gleichartiger Waren nicht vor Eingang der ersten Teillieferung) und auch nicht vor Erf\u00fcllung unserer Informationspflichten gem\u00e4\u00df Artikel 246 \u00a7 2 in Verbindung mit \u00a7 1 Abs. 1 und 2 EGBGB sowie unserer Pflichten gem\u00e4\u00df \u00a7 312e Abs. 1 Satz 1 BGB in Verbindung mit Artikel 246 \u00a7 3 EGBGB. Zur Wahrung der Widerrufsfrist gen\u00fcgt die rechtzeitige Absendung des Widerrufs oder der Sache. Der Widerruf ist zu richten an:<\/p>\n<p><b>Ride Hard Rod<\/b><br \/>\nRide Hard Rod<br \/>\r\nRONALD KINTRUP<br \/>\r\nHertha-Sponer-Str. 12<br \/>\r\n28816 Stuhr<br \/>\r\n<br \/>\r\nE-Mail: kontakt@ride-hard-rod.com<\/p>\n<p><b>Widerrufsfolgen<\/b><br \/>\nIm Falle eines wirksamen Widerrufs sind die beiderseits empfangenen Leistungen zur\u00fcckzugew\u00e4hren und ggf. gezogene Nutzungen (z. B. Zinsen) herauszugeben. K\u00f6nnen Sie uns die empfangene Leistung ganz oder teilweise nicht oder nur in verschlechtertem Zustand zur\u00fcckgew\u00e4hren, m\u00fcssen Sie uns insoweit ggf. Wertersatz leisten. Bei der \u00dcberlassung von Sachen gilt dies nicht, wenn die Verschlechterung der Sache ausschlie\u00dflich auf deren Pr\u00fcfung &#8211; wie sie Ihnen etwa im Ladengesch\u00e4ft m\u00f6glich gewesen w\u00e4re &#8211; zur\u00fcckzuf\u00fchren ist. Im \u00dcbrigen k\u00f6nnen Sie die Pflicht zum Wertersatz f\u00fcr eine durch die bestimmungsgem\u00e4\u00dfe Ingebrauchnahme der Sache entstandene Verschlechterung vermeiden, indem Sie die Sache nicht wie Ihr Eigentum in Gebrauch nehmen und alles unterlassen, was deren Wert beeintr\u00e4chtigt. Paketversandf\u00e4hige Sachen sind auf unsere Gefahr zur\u00fcckzusenden. Sie haben die Kosten der R\u00fccksendung zu tragen, wenn die gelieferte Ware der bestellten entspricht und wenn der Preis der zur\u00fcckzusendenden Sache einen Betrag von 40 Euro nicht \u00fcbersteigt oder wenn Sie bei einem h\u00f6heren Preis der Sache zum Zeitpunkt des Widerrufs noch nicht die Gegenleistung oder eine vertraglich vereinbarte Teilzahlung erbracht haben. Anderenfalls ist die R\u00fccksendung f\u00fcr Sie kostenfrei. Nicht paketversandf\u00e4hige Sachen werden bei Ihnen abgeholt. Verpflichtungen zur Erstattung von Zahlungen m\u00fcssen innerhalb von 30 Tagen erf\u00fcllt werden. Die Frist beginnt f\u00fcr Sie mit der Absendung Ihrer Widerrufserkl\u00e4rung oder der Sache, f\u00fcr uns mit deren Empfang.<\/p>\n<p><b>Besondere Hinweise<\/b>\u00a0Das Widerrufsrecht besteht nicht bei Lieferung von Waren, die nach Kundenspezifikation angefertigt werden oder eindeutig auf die pers\u00f6nlichen Bed\u00fcrfnisse zugeschnitten sind.<\/p>\n<p><b>Ende der Widerrufsbelehrung. *************************************************************************************<\/b><\/p>\n<p>\u00a7 5 Eigentumsvorbehalt<\/p>\n<p>5.1 Wir behalten uns das Eigentum an der Ware bis zur vollst\u00e4ndigen Zahlung des Kaufpreises vor.<\/p>\n<p>5.2 Sie sind verpflichtet, die Ware pfleglich zu behandeln. Sie m\u00fcssen uns au\u00dferdem einen Zugriff Dritter auf die Ware, etwa im Falle einer Pf\u00e4ndung, sowie etwaige Besch\u00e4digungen oder die Vernichtung der Ware unverz\u00fcglich mitteilen. Ein Besitzwechsel der Ware sowie einen eigenen Wohnsitzwechsel haben Sie uns bis zur vollst\u00e4ndigen Bezahlung des Kaufpreises unverz\u00fcglich anzuzeigen.<\/p>\n<p>5.3 Bei einem vertragswidrigen Verhalten Ihrerseits, insbesondere bei Pflichtverletzungen nach Ziffer 2) und bei Zahlungsverzug nach erfolglosem Ablauf einer von uns gesetzten angemessenen Frist sind wir berechtigt, vom Vertrag zur\u00fcckzutreten; die gesetzlichen Bestimmungen \u00fcber die Entbehrlichkeit einer Fristsetzung bleiben unber\u00fchrt. Sie sind uns zur Herausgabe verpflichtet.<\/p>\n<p><b>\u00a7 6 Gew\u00e4hrleistung\u00a0<\/b><\/p>\n<p>6.1 Die Gew\u00e4hrleistungsfrist betr\u00e4gt f\u00fcr Verbraucher zwei Jahre und beginnt mit der \u00dcbergabe der Ware. F\u00fcr Unternehmer betr\u00e4gt die Gew\u00e4hrleistungsfrist ein Jahr ab der \u00dcbergabe. Ihre Gew\u00e4hrleistungsanspr\u00fcche sind zun\u00e4chst auf Nacherf\u00fcllung beschr\u00e4nkt. Schl\u00e4gt die Nacherf\u00fcllung fehl, kann der K\u00e4ufer grunds\u00e4tzlich nach seiner Wahl Herabsetzung der Verg\u00fctung (Minderung) oder R\u00fcckg\u00e4ngigmachung des Vertrags (R\u00fccktritt) verlangen. Bei nur geringf\u00fcgigen M\u00e4ngeln steht Ihnen jedoch kein R\u00fccktrittsrecht zu.<\/p>\n<p>6.2 Nicht unter die Gew\u00e4hrleistung fallen Sch\u00e4den, die auf unsachgem\u00e4\u00dfen Gebrauch, mangelnde oder falsche Pflege sowie nat\u00fcrliche Abnutzung zur\u00fcckzuf\u00fchren sind.<\/p>\n<p><b>\u00a7 7 Schadenersatz<\/b><\/p>\n<p>7.1 Unsere Haftung beschr\u00e4nkt sich bei leicht fahrl\u00e4ssigen Pflichtverletzungen auf den nach Art der Ware vorhersehbaren, vertragstypischen Schaden. Dies gilt auch bei leicht fahrl\u00e4ssigen Pflichtverletzungen unserer gesetzlichen Vertreter oder Erf\u00fcllungshilfen.<\/p>\n<p>7.2 Dies gilt nicht, soweit zwingend gehaftet wird, z. B. nach dem Produkthaftungsgesetz, in F\u00e4llen des Vorsatzes, der groben Fahrl\u00e4ssigkeit, wegen der Verletzung des Lebens, des K\u00f6rpers oder der Gesundheit, wegen der Verletzung wesentlicher Vertragspflichten. Eine \u00c4nderung der Beweislast zu Ihrem Nachteil ist mit den vorstehenden Regelungen nicht verbunden.<\/p>\n<p>7.3 Ihre Schadensersatzanspr\u00fcche wegen eines Mangels verj\u00e4hren nach einem Jahr nach Ablieferung der Ware. Dies gilt nicht, wenn uns Arglist oder grobes Verschulden vorwerfbar ist sowie im Falle von uns zurechenbarer K\u00f6rper- und Gesundheitssch\u00e4den oder bei Verlust des Lebens.<\/p>\n<p><b>\u00a7 8 Schlu\u00dfbestimmung\u00a0<\/b><\/p>\n<p>8.1 Es gilt das Recht der Bundesrepublik Deutschland. Die Bestimmungen des UN-Kaufrechts finden keine Anwendung.<\/p>\n<p>8.2 Bei Vertr\u00e4gen mit Unternehmen oder nat\u00fcrlichen Personen, die keinen allgemeinen Gerichtsstand in Deutschland haben oder deren Wohnsitz oder gew\u00f6hnlicher Aufenthalt im Zeitpunkt der Klagerhebeung nicht bekannt ist, ist Gerichtsstand f\u00fcr alle Streitigkeiten aus dem Vertragsverh\u00e4ltnis unser Gesch\u00e4ftssitz.<\/p>\n<p>8.3 Sollten einzelne Bestimmungen des Vertrags einschlie\u00dflich dieser Allgemeinen Gesch\u00e4ftsbedingungen ganz oder teilweise unwirksam sein oder werden, so wird hierdurch die G\u00fcltigkeit der \u00fcbrigen Bestimmungen nicht ber\u00fchrt.<br \/>\n<div class=\"woocommerce woocommerce-gzd woocommerce-gzd-complaints-shortcode\">\n\t\t\t<h3>Alternative Dispute Resolution in accordance with Art. 14 (1) ODR-VO and \u00a7 36 VSBG:<\/h3>\n\t\nZur Teilnahme an einem Streitbeilegungsverfahren vor einer Verbraucherschlichtungsstelle sind wir nicht verpflichtet und nicht bereit.<\/div><\/p>\n","protected":false},"excerpt":{"rendered":"<p>\u00a7 1 Allgemeines 1.1 Diese Allgemeinen Gesch\u00e4ftsbedingungen werden Bestandteil der Kaufvertr\u00e4ge zwischen Dark Parts und dem Kunden. 1.2 Abweichende, entgegenstehende oder erg\u00e4nzende Allgemeine Gesch\u00e4ftsbedingungen werden, selbst bei Kenntnis, nicht Vertragsbestandteil, es sei denn, ihrer Geltung wird ausdr\u00fccklich schriftlich zugestimmt. \u00a7 2 Preise und Zahlungsbedingungen\u00a0 2.1 Unsere Preise sind freibleibend. Es gelten die Preise, die zur [&hellip;]<\/p>\n","protected":false},"author":1,"featured_media":0,"parent":0,"menu_order":0,"comment_status":"closed","ping_status":"closed","template":"","meta":{"footnotes":""},"class_list":["post-8490","page","type-page","status-publish","hentry"],"yoast_head":"<!-- This site is optimized with the Yoast SEO plugin v27.2 - https:\/\/yoast.com\/product\/yoast-seo-wordpress\/ -->\n<title>Allgemeine Gesch\u00e4ftsbedingungen - Ride Hard Rod<\/title>\n<meta name=\"robots\" content=\"noindex, follow\" \/>\n<meta property=\"og:locale\" content=\"en_US\" \/>\n<meta property=\"og:type\" content=\"article\" \/>\n<meta property=\"og:title\" content=\"Allgemeine Gesch\u00e4ftsbedingungen - Ride Hard Rod\" \/>\n<meta property=\"og:description\" content=\"\u00a7 1 Allgemeines 1.1 Diese Allgemeinen Gesch\u00e4ftsbedingungen werden Bestandteil der Kaufvertr\u00e4ge zwischen Dark Parts und dem Kunden. 1.2 Abweichende, entgegenstehende oder erg\u00e4nzende Allgemeine Gesch\u00e4ftsbedingungen werden, selbst bei Kenntnis, nicht Vertragsbestandteil, es sei denn, ihrer Geltung wird ausdr\u00fccklich schriftlich zugestimmt. \u00a7 2 Preise und Zahlungsbedingungen\u00a0 2.1 Unsere Preise sind freibleibend. Es gelten die Preise, die zur [&hellip;]\" \/>\n<meta property=\"og:url\" content=\"https:\/\/www.ride-hard-rod.com\/en\/agb\/\" \/>\n<meta property=\"og:site_name\" content=\"Ride Hard Rod\" \/>\n<meta property=\"article:modified_time\" content=\"2017-03-17T11:19:04+00:00\" \/>\n<meta name=\"twitter:label1\" content=\"Est. reading time\" \/>\n\t<meta name=\"twitter:data1\" content=\"6 minutes\" \/>\n<script type=\"application\/ld+json\" class=\"yoast-schema-graph\">{\"@context\":\"https:\/\/schema.org\",\"@graph\":[{\"@type\":\"WebPage\",\"@id\":\"https:\/\/www.ride-hard-rod.com\/en\/agb\/\",\"url\":\"https:\/\/www.ride-hard-rod.com\/en\/agb\/\",\"name\":\"Allgemeine Gesch\u00e4ftsbedingungen - Ride Hard Rod\",\"isPartOf\":{\"@id\":\"https:\/\/www.ride-hard-rod.com\/en\/#website\"},\"datePublished\":\"2013-10-23T07:21:43+00:00\",\"dateModified\":\"2017-03-17T11:19:04+00:00\",\"breadcrumb\":{\"@id\":\"https:\/\/www.ride-hard-rod.com\/en\/agb\/#breadcrumb\"},\"inLanguage\":\"en-US\",\"potentialAction\":[{\"@type\":\"ReadAction\",\"target\":[\"https:\/\/www.ride-hard-rod.com\/en\/agb\/\"]}]},{\"@type\":\"BreadcrumbList\",\"@id\":\"https:\/\/www.ride-hard-rod.com\/en\/agb\/#breadcrumb\",\"itemListElement\":[{\"@type\":\"ListItem\",\"position\":1,\"name\":\"Home\",\"item\":\"https:\/\/www.ride-hard-rod.com\/en\/\"},{\"@type\":\"ListItem\",\"position\":2,\"name\":\"Allgemeine Gesch\u00e4ftsbedingungen\"}]},{\"@type\":\"WebSite\",\"@id\":\"https:\/\/www.ride-hard-rod.com\/en\/#website\",\"url\":\"https:\/\/www.ride-hard-rod.com\/en\/\",\"name\":\"Ride Hard Rod\",\"description\":\"V-Rod, Night-Rod Special, V-Rod Muscle custom parts\",\"potentialAction\":[{\"@type\":\"SearchAction\",\"target\":{\"@type\":\"EntryPoint\",\"urlTemplate\":\"https:\/\/www.ride-hard-rod.com\/en\/?s={search_term_string}\"},\"query-input\":{\"@type\":\"PropertyValueSpecification\",\"valueRequired\":true,\"valueName\":\"search_term_string\"}}],\"inLanguage\":\"en-US\"}]}<\/script>\n<!-- \/ Yoast SEO plugin. -->","yoast_head_json":{"title":"Allgemeine Gesch\u00e4ftsbedingungen - Ride Hard Rod","robots":{"index":"noindex","follow":"follow"},"og_locale":"en_US","og_type":"article","og_title":"Allgemeine Gesch\u00e4ftsbedingungen - Ride Hard Rod","og_description":"\u00a7 1 Allgemeines 1.1 Diese Allgemeinen Gesch\u00e4ftsbedingungen werden Bestandteil der Kaufvertr\u00e4ge zwischen Dark Parts und dem Kunden. 1.2 Abweichende, entgegenstehende oder erg\u00e4nzende Allgemeine Gesch\u00e4ftsbedingungen werden, selbst bei Kenntnis, nicht Vertragsbestandteil, es sei denn, ihrer Geltung wird ausdr\u00fccklich schriftlich zugestimmt. \u00a7 2 Preise und Zahlungsbedingungen\u00a0 2.1 Unsere Preise sind freibleibend. Es gelten die Preise, die zur [&hellip;]","og_url":"https:\/\/www.ride-hard-rod.com\/en\/agb\/","og_site_name":"Ride Hard Rod","article_modified_time":"2017-03-17T11:19:04+00:00","twitter_misc":{"Est. reading time":"6 minutes"},"schema":{"@context":"https:\/\/schema.org","@graph":[{"@type":"WebPage","@id":"https:\/\/www.ride-hard-rod.com\/en\/agb\/","url":"https:\/\/www.ride-hard-rod.com\/en\/agb\/","name":"Allgemeine Gesch\u00e4ftsbedingungen - Ride Hard Rod","isPartOf":{"@id":"https:\/\/www.ride-hard-rod.com\/en\/#website"},"datePublished":"2013-10-23T07:21:43+00:00","dateModified":"2017-03-17T11:19:04+00:00","breadcrumb":{"@id":"https:\/\/www.ride-hard-rod.com\/en\/agb\/#breadcrumb"},"inLanguage":"en-US","potentialAction":[{"@type":"ReadAction","target":["https:\/\/www.ride-hard-rod.com\/en\/agb\/"]}]},{"@type":"BreadcrumbList","@id":"https:\/\/www.ride-hard-rod.com\/en\/agb\/#breadcrumb","itemListElement":[{"@type":"ListItem","position":1,"name":"Home","item":"https:\/\/www.ride-hard-rod.com\/en\/"},{"@type":"ListItem","position":2,"name":"Allgemeine Gesch\u00e4ftsbedingungen"}]},{"@type":"WebSite","@id":"https:\/\/www.ride-hard-rod.com\/en\/#website","url":"https:\/\/www.ride-hard-rod.com\/en\/","name":"Ride Hard Rod","description":"V-Rod, Night-Rod Special, V-Rod Muscle custom parts","potentialAction":[{"@type":"SearchAction","target":{"@type":"EntryPoint","urlTemplate":"https:\/\/www.ride-hard-rod.com\/en\/?s={search_term_string}"},"query-input":{"@type":"PropertyValueSpecification","valueRequired":true,"valueName":"search_term_string"}}],"inLanguage":"en-US"}]}},"_links":{"self":[{"href":"https:\/\/www.ride-hard-rod.com\/en\/wp-json\/wp\/v2\/pages\/8490","targetHints":{"allow":["GET"]}}],"collection":[{"href":"https:\/\/www.ride-hard-rod.com\/en\/wp-json\/wp\/v2\/pages"}],"about":[{"href":"https:\/\/www.ride-hard-rod.com\/en\/wp-json\/wp\/v2\/types\/page"}],"author":[{"embeddable":true,"href":"https:\/\/www.ride-hard-rod.com\/en\/wp-json\/wp\/v2\/users\/1"}],"replies":[{"embeddable":true,"href":"https:\/\/www.ride-hard-rod.com\/en\/wp-json\/wp\/v2\/comments?post=8490"}],"version-history":[{"count":5,"href":"https:\/\/www.ride-hard-rod.com\/en\/wp-json\/wp\/v2\/pages\/8490\/revisions"}],"predecessor-version":[{"id":14778,"href":"https:\/\/www.ride-hard-rod.com\/en\/wp-json\/wp\/v2\/pages\/8490\/revisions\/14778"}],"wp:attachment":[{"href":"https:\/\/www.ride-hard-rod.com\/en\/wp-json\/wp\/v2\/media?parent=8490"}],"curies":[{"name":"wp","href":"https:\/\/api.w.org\/{rel}","templated":true}]}}